{"id":1273,"date":"2025-11-11T15:58:14","date_gmt":"2025-11-11T15:58:14","guid":{"rendered":"https:\/\/carrebleu.ajstrategiestaging.ca\/under-construction\/"},"modified":"2025-11-11T16:06:25","modified_gmt":"2025-11-11T16:06:25","slug":"under-construction","status":"publish","type":"page","link":"https:\/\/carrebleu.ca\/en\/under-construction\/","title":{"rendered":"Under Construction"},"content":{"rendered":"\t\t<div data-elementor-type=\"wp-page\" data-elementor-id=\"1273\" class=\"elementor elementor-1273\" data-elementor-post-type=\"page\">\n\t\t\t\t<div class=\"elementor-element elementor-element-2f007aee hero e-flex e-con-boxed e-con e-parent\" data-id=\"2f007aee\" data-element_type=\"container\" data-e-type=\"container\" data-settings=\"{&quot;background_background&quot;:&quot;classic&quot;}\">\n\t\t\t\t\t<div class=\"e-con-inner\">\n\t\t<div class=\"elementor-element elementor-element-12cb5290 e-con-full e-flex e-con e-child\" data-id=\"12cb5290\" data-element_type=\"container\" data-e-type=\"container\">\n\t\t<div class=\"elementor-element elementor-element-f532b88 e-con-full e-flex e-con e-child\" data-id=\"f532b88\" data-element_type=\"container\" data-e-type=\"container\">\n\t\t\t\t<div class=\"elementor-element elementor-element-40e3a06 elementor-widget elementor-widget-heading\" data-id=\"40e3a06\" data-element_type=\"widget\" data-e-type=\"widget\" data-widget_type=\"heading.default\">\n\t\t\t\t\t<h1 class=\"elementor-heading-title elementor-size-default\">Under construction!<\/h1>\t\t\t\t<\/div>\n\t\t\t\t<div class=\"elementor-element elementor-element-3cd8a53 elementor-widget elementor-widget-text-editor\" data-id=\"3cd8a53\" data-element_type=\"widget\" data-e-type=\"widget\" data-widget_type=\"text-editor.default\">\n\t\t\t\t\t\t\t\t\t<p>Thank you for your patience during the update.<\/p>\t\t\t\t\t\t\t\t<\/div>\n\t\t\t\t<\/div>\n\t\t\t\t<div class=\"elementor-element elementor-element-c40c20f elementor-widget elementor-widget-image\" data-id=\"c40c20f\" data-element_type=\"widget\" data-e-type=\"widget\" data-widget_type=\"image.default\">\n\t\t\t\t\t\t\t\t\t\t\t\t\t\t\t<img fetchpriority=\"high\" decoding=\"async\" width=\"583\" height=\"205\" src=\"https:\/\/carrebleu.ca\/wp-content\/uploads\/2025\/11\/RGB-Renverse-V2r-03.png\" class=\"attachment-large size-large wp-image-1272\" alt=\"\" srcset=\"https:\/\/carrebleu.ca\/wp-content\/uploads\/2025\/11\/RGB-Renverse-V2r-03.png 583w, https:\/\/carrebleu.ca\/wp-content\/uploads\/2025\/11\/RGB-Renverse-V2r-03-300x105.png 300w\" sizes=\"(max-width: 583px) 100vw, 583px\" \/>\t\t\t\t\t\t\t\t\t\t\t\t\t\t\t<\/div>\n\t\t\t\t<\/div>\n\t\t<div class=\"elementor-element elementor-element-51956a9 e-con-full e-flex e-con e-child\" data-id=\"51956a9\" data-element_type=\"container\" data-e-type=\"container\">\n\t\t\t\t<div class=\"elementor-element elementor-element-6eaa329 elementor-widget__width-inherit elementor-widget elementor-widget-text-editor\" data-id=\"6eaa329\" data-element_type=\"widget\" data-e-type=\"widget\" data-widget_type=\"text-editor.default\">\n\t\t\t\t\t\t\t\t\t<p>Email: <a href=\"mailto:carrebleuinc@gmail.com\">carrebleuinc@gmail.com<\/a><\/p><p>Tel: <a href=\"tel:+15149197989\">514 919-7989<\/a><\/p>\t\t\t\t\t\t\t\t<\/div>\n\t\t\t\t<div class=\"elementor-element elementor-element-23787c3 elementor-widget elementor-widget-text-editor\" data-id=\"23787c3\" data-element_type=\"widget\" data-e-type=\"widget\" data-widget_type=\"text-editor.default\">\n\t\t\t\t\t\t\t\t\tThroughout the Greater Montreal area, including: Montreal, South Shore of Montreal (Mont\u00e9r\u00e9gie), North Shore of Montreal (Laval).\t\t\t\t\t\t\t\t<\/div>\n\t\t\t\t<div class=\"elementor-element elementor-element-101caeb elementor-shape-square e-grid-align-left e-grid-align-tablet-center elementor-grid-0 elementor-widget elementor-widget-social-icons\" data-id=\"101caeb\" data-element_type=\"widget\" data-e-type=\"widget\" data-widget_type=\"social-icons.default\">\n\t\t\t\t\t\t\t<div class=\"elementor-social-icons-wrapper elementor-grid\">\n\t\t\t\t\t\t\t<span class=\"elementor-grid-item\">\n\t\t\t\t\t<a class=\"elementor-icon elementor-social-icon elementor-social-icon-facebook-f elementor-animation-grow elementor-repeater-item-755ff86\" target=\"_blank\">\n\t\t\t\t\t\t<span class=\"elementor-screen-only\">Facebook-f<\/span>\n\t\t\t\t\t\t<svg aria-hidden=\"true\" class=\"e-font-icon-svg e-fab-facebook-f\" viewBox=\"0 0 320 512\" xmlns=\"http:\/\/www.w3.org\/2000\/svg\"><path d=\"M279.14 288l14.22-92.66h-88.91v-60.13c0-25.35 12.42-50.06 52.24-50.06h40.42V6.26S260.43 0 225.36 0c-73.22 0-121.08 44.38-121.08 124.72v70.62H22.89V288h81.39v224h100.17V288z\"><\/path><\/svg>\t\t\t\t\t<\/a>\n\t\t\t\t<\/span>\n\t\t\t\t\t<\/div>\n\t\t\t\t\t\t<\/div>\n\t\t\t\t<\/div>\n\t\t\t\t\t<\/div>\n\t\t\t\t<\/div>\n\t\t<div class=\"elementor-element elementor-element-53e2260a e-flex e-con-boxed e-con e-parent\" data-id=\"53e2260a\" data-element_type=\"container\" data-e-type=\"container\">\n\t\t\t\t\t<div class=\"e-con-inner\">\n\t\t\t\t<div class=\"elementor-element elementor-element-43e00886 elementor-widget elementor-widget-spacer\" data-id=\"43e00886\" data-element_type=\"widget\" data-e-type=\"widget\" data-widget_type=\"spacer.default\">\n\t\t\t\t\t\t\t<div class=\"elementor-spacer\">\n\t\t\t<div class=\"elementor-spacer-inner\"><\/div>\n\t\t<\/div>\n\t\t\t\t\t\t<\/div>\n\t\t\t\t\t<\/div>\n\t\t\t\t<\/div>\n\t\t<div class=\"elementor-element elementor-element-56ce200a e-flex e-con-boxed e-con e-parent\" data-id=\"56ce200a\" data-element_type=\"container\" data-e-type=\"container\">\n\t\t\t\t\t<div class=\"e-con-inner\">\n\t\t\t\t\t<\/div>\n\t\t\t\t<\/div>\n\t\t\t\t<\/div>\n\t\t","protected":false},"excerpt":{"rendered":"<p>Under construction! Thank you for your patience during the update. Email: carrebleuinc@gmail.com Tel: 514 919-7989 Throughout the Greater Montreal area, including: Montreal, South Shore of Montreal (Mont\u00e9r\u00e9gie), North Shore of Montreal (Laval). Facebook-f<\/p>\n","protected":false},"author":1,"featured_media":0,"parent":0,"menu_order":0,"comment_status":"closed","ping_status":"closed","template":"elementor_header_footer","meta":{"_acf_changed":false,"footnotes":""},"class_list":["post-1273","page","type-page","status-publish","hentry"],"acf":[],"yoast_head":"<!-- This site is optimized with the Yoast SEO plugin v27.4 - https:\/\/yoast.com\/product\/yoast-seo-wordpress\/ -->\n<title>Under Construction - carr\u00e9bleu | Service d\u2019entretien m\u00e9nager dans le Grand Montr\u00e9al<\/title>\n<meta name=\"robots\" content=\"index, follow, max-snippet:-1, max-image-preview:large, max-video-preview:-1\" \/>\n<link rel=\"canonical\" href=\"https:\/\/carrebleu.ca\/en\/under-construction\/\" \/>\n<meta property=\"og:locale\" content=\"en_US\" \/>\n<meta property=\"og:type\" content=\"article\" \/>\n<meta property=\"og:title\" content=\"Under Construction - carr\u00e9bleu | Service d\u2019entretien m\u00e9nager dans le Grand Montr\u00e9al\" \/>\n<meta property=\"og:description\" content=\"Under construction! Thank you for your patience during the update. Email: carrebleuinc@gmail.com Tel: 514 919-7989 Throughout the Greater Montreal area, including: Montreal, South Shore of Montreal (Mont\u00e9r\u00e9gie), North Shore of Montreal (Laval). Facebook-f\" \/>\n<meta property=\"og:url\" content=\"https:\/\/carrebleu.ca\/en\/under-construction\/\" \/>\n<meta property=\"og:site_name\" content=\"carr\u00e9bleu | Service d\u2019entretien m\u00e9nager dans le Grand Montr\u00e9al\" \/>\n<meta property=\"article:publisher\" content=\"https:\/\/www.facebook.com\/p\/CarrBleu-100066457040064\/\" \/>\n<meta property=\"article:modified_time\" content=\"2025-11-11T16:06:25+00:00\" \/>\n<meta property=\"og:image\" content=\"https:\/\/carrebleu.ca\/wp-content\/uploads\/2025\/11\/RGB-Renverse-V2r-03.png\" \/>\n\t<meta property=\"og:image:width\" content=\"583\" \/>\n\t<meta property=\"og:image:height\" content=\"205\" \/>\n\t<meta property=\"og:image:type\" content=\"image\/png\" \/>\n<meta name=\"twitter:card\" content=\"summary_large_image\" \/>\n<script type=\"application\/ld+json\" class=\"yoast-schema-graph\">{\"@context\":\"https:\\\/\\\/schema.org\",\"@graph\":[{\"@type\":\"WebPage\",\"@id\":\"https:\\\/\\\/carrebleu.ca\\\/en\\\/under-construction\\\/\",\"url\":\"https:\\\/\\\/carrebleu.ca\\\/en\\\/under-construction\\\/\",\"name\":\"Under Construction - carr\u00e9bleu | Service d\u2019entretien m\u00e9nager dans le Grand Montr\u00e9al\",\"isPartOf\":{\"@id\":\"https:\\\/\\\/carrebleu.ca\\\/en\\\/#website\"},\"primaryImageOfPage\":{\"@id\":\"https:\\\/\\\/carrebleu.ca\\\/en\\\/under-construction\\\/#primaryimage\"},\"image\":{\"@id\":\"https:\\\/\\\/carrebleu.ca\\\/en\\\/under-construction\\\/#primaryimage\"},\"thumbnailUrl\":\"https:\\\/\\\/carrebleu.ca\\\/wp-content\\\/uploads\\\/2025\\\/11\\\/RGB-Renverse-V2r-03.png\",\"datePublished\":\"2025-11-11T15:58:14+00:00\",\"dateModified\":\"2025-11-11T16:06:25+00:00\",\"breadcrumb\":{\"@id\":\"https:\\\/\\\/carrebleu.ca\\\/en\\\/under-construction\\\/#breadcrumb\"},\"inLanguage\":\"en-US\",\"potentialAction\":[{\"@type\":\"ReadAction\",\"target\":[\"https:\\\/\\\/carrebleu.ca\\\/en\\\/under-construction\\\/\"]}]},{\"@type\":\"ImageObject\",\"inLanguage\":\"en-US\",\"@id\":\"https:\\\/\\\/carrebleu.ca\\\/en\\\/under-construction\\\/#primaryimage\",\"url\":\"https:\\\/\\\/carrebleu.ca\\\/wp-content\\\/uploads\\\/2025\\\/11\\\/RGB-Renverse-V2r-03.png\",\"contentUrl\":\"https:\\\/\\\/carrebleu.ca\\\/wp-content\\\/uploads\\\/2025\\\/11\\\/RGB-Renverse-V2r-03.png\"},{\"@type\":\"BreadcrumbList\",\"@id\":\"https:\\\/\\\/carrebleu.ca\\\/en\\\/under-construction\\\/#breadcrumb\",\"itemListElement\":[{\"@type\":\"ListItem\",\"position\":1,\"name\":\"Accueil\",\"item\":\"https:\\\/\\\/carrebleu.ca\\\/en\\\/homepage\\\/\"},{\"@type\":\"ListItem\",\"position\":2,\"name\":\"Under Construction\"}]},{\"@type\":\"WebSite\",\"@id\":\"https:\\\/\\\/carrebleu.ca\\\/en\\\/#website\",\"url\":\"https:\\\/\\\/carrebleu.ca\\\/en\\\/\",\"name\":\"Carr\u00e9 Bleu\",\"description\":\"carr\u00e9bleu offre des services d\u2019entretien m\u00e9nager r\u00e9sidentiel et commercial dans le Grand Montr\u00e9al. Propret\u00e9, fiabilit\u00e9 et solutions sur mesure.\",\"publisher\":{\"@id\":\"https:\\\/\\\/carrebleu.ca\\\/en\\\/#organization\"},\"potentialAction\":[{\"@type\":\"SearchAction\",\"target\":{\"@type\":\"EntryPoint\",\"urlTemplate\":\"https:\\\/\\\/carrebleu.ca\\\/en\\\/?s={search_term_string}\"},\"query-input\":{\"@type\":\"PropertyValueSpecification\",\"valueRequired\":true,\"valueName\":\"search_term_string\"}}],\"inLanguage\":\"en-US\"},{\"@type\":\"Organization\",\"@id\":\"https:\\\/\\\/carrebleu.ca\\\/en\\\/#organization\",\"name\":\"Carr\u00e9 Bleu Entretien M\u00e9nager Inc.\",\"url\":\"https:\\\/\\\/carrebleu.ca\\\/en\\\/\",\"logo\":{\"@type\":\"ImageObject\",\"inLanguage\":\"en-US\",\"@id\":\"https:\\\/\\\/carrebleu.ca\\\/en\\\/#\\\/schema\\\/logo\\\/image\\\/\",\"url\":\"https:\\\/\\\/carrebleu.ca\\\/wp-content\\\/uploads\\\/2025\\\/10\\\/RGB-01.png\",\"contentUrl\":\"https:\\\/\\\/carrebleu.ca\\\/wp-content\\\/uploads\\\/2025\\\/10\\\/RGB-01.png\",\"width\":583,\"height\":205,\"caption\":\"Carr\u00e9 Bleu Entretien M\u00e9nager Inc.\"},\"image\":{\"@id\":\"https:\\\/\\\/carrebleu.ca\\\/en\\\/#\\\/schema\\\/logo\\\/image\\\/\"},\"sameAs\":[\"https:\\\/\\\/www.facebook.com\\\/p\\\/CarrBleu-100066457040064\\\/\"]}]}<\/script>\n<!-- \/ Yoast SEO plugin. -->","yoast_head_json":{"title":"Under Construction - carr\u00e9bleu | Service d\u2019entretien m\u00e9nager dans le Grand Montr\u00e9al","robots":{"index":"index","follow":"follow","max-snippet":"max-snippet:-1","max-image-preview":"max-image-preview:large","max-video-preview":"max-video-preview:-1"},"canonical":"https:\/\/carrebleu.ca\/en\/under-construction\/","og_locale":"en_US","og_type":"article","og_title":"Under Construction - carr\u00e9bleu | Service d\u2019entretien m\u00e9nager dans le Grand Montr\u00e9al","og_description":"Under construction! Thank you for your patience during the update. Email: carrebleuinc@gmail.com Tel: 514 919-7989 Throughout the Greater Montreal area, including: Montreal, South Shore of Montreal (Mont\u00e9r\u00e9gie), North Shore of Montreal (Laval). Facebook-f","og_url":"https:\/\/carrebleu.ca\/en\/under-construction\/","og_site_name":"carr\u00e9bleu | Service d\u2019entretien m\u00e9nager dans le Grand Montr\u00e9al","article_publisher":"https:\/\/www.facebook.com\/p\/CarrBleu-100066457040064\/","article_modified_time":"2025-11-11T16:06:25+00:00","og_image":[{"width":583,"height":205,"url":"https:\/\/carrebleu.ca\/wp-content\/uploads\/2025\/11\/RGB-Renverse-V2r-03.png","type":"image\/png"}],"twitter_card":"summary_large_image","schema":{"@context":"https:\/\/schema.org","@graph":[{"@type":"WebPage","@id":"https:\/\/carrebleu.ca\/en\/under-construction\/","url":"https:\/\/carrebleu.ca\/en\/under-construction\/","name":"Under Construction - carr\u00e9bleu | Service d\u2019entretien m\u00e9nager dans le Grand Montr\u00e9al","isPartOf":{"@id":"https:\/\/carrebleu.ca\/en\/#website"},"primaryImageOfPage":{"@id":"https:\/\/carrebleu.ca\/en\/under-construction\/#primaryimage"},"image":{"@id":"https:\/\/carrebleu.ca\/en\/under-construction\/#primaryimage"},"thumbnailUrl":"https:\/\/carrebleu.ca\/wp-content\/uploads\/2025\/11\/RGB-Renverse-V2r-03.png","datePublished":"2025-11-11T15:58:14+00:00","dateModified":"2025-11-11T16:06:25+00:00","breadcrumb":{"@id":"https:\/\/carrebleu.ca\/en\/under-construction\/#breadcrumb"},"inLanguage":"en-US","potentialAction":[{"@type":"ReadAction","target":["https:\/\/carrebleu.ca\/en\/under-construction\/"]}]},{"@type":"ImageObject","inLanguage":"en-US","@id":"https:\/\/carrebleu.ca\/en\/under-construction\/#primaryimage","url":"https:\/\/carrebleu.ca\/wp-content\/uploads\/2025\/11\/RGB-Renverse-V2r-03.png","contentUrl":"https:\/\/carrebleu.ca\/wp-content\/uploads\/2025\/11\/RGB-Renverse-V2r-03.png"},{"@type":"BreadcrumbList","@id":"https:\/\/carrebleu.ca\/en\/under-construction\/#breadcrumb","itemListElement":[{"@type":"ListItem","position":1,"name":"Accueil","item":"https:\/\/carrebleu.ca\/en\/homepage\/"},{"@type":"ListItem","position":2,"name":"Under Construction"}]},{"@type":"WebSite","@id":"https:\/\/carrebleu.ca\/en\/#website","url":"https:\/\/carrebleu.ca\/en\/","name":"Carr\u00e9 Bleu","description":"carr\u00e9bleu offre des services d\u2019entretien m\u00e9nager r\u00e9sidentiel et commercial dans le Grand Montr\u00e9al. Propret\u00e9, fiabilit\u00e9 et solutions sur mesure.","publisher":{"@id":"https:\/\/carrebleu.ca\/en\/#organization"},"potentialAction":[{"@type":"SearchAction","target":{"@type":"EntryPoint","urlTemplate":"https:\/\/carrebleu.ca\/en\/?s={search_term_string}"},"query-input":{"@type":"PropertyValueSpecification","valueRequired":true,"valueName":"search_term_string"}}],"inLanguage":"en-US"},{"@type":"Organization","@id":"https:\/\/carrebleu.ca\/en\/#organization","name":"Carr\u00e9 Bleu Entretien M\u00e9nager Inc.","url":"https:\/\/carrebleu.ca\/en\/","logo":{"@type":"ImageObject","inLanguage":"en-US","@id":"https:\/\/carrebleu.ca\/en\/#\/schema\/logo\/image\/","url":"https:\/\/carrebleu.ca\/wp-content\/uploads\/2025\/10\/RGB-01.png","contentUrl":"https:\/\/carrebleu.ca\/wp-content\/uploads\/2025\/10\/RGB-01.png","width":583,"height":205,"caption":"Carr\u00e9 Bleu Entretien M\u00e9nager Inc."},"image":{"@id":"https:\/\/carrebleu.ca\/en\/#\/schema\/logo\/image\/"},"sameAs":["https:\/\/www.facebook.com\/p\/CarrBleu-100066457040064\/"]}]}},"_links":{"self":[{"href":"https:\/\/carrebleu.ca\/en\/wp-json\/wp\/v2\/pages\/1273","targetHints":{"allow":["GET"]}}],"collection":[{"href":"https:\/\/carrebleu.ca\/en\/wp-json\/wp\/v2\/pages"}],"about":[{"href":"https:\/\/carrebleu.ca\/en\/wp-json\/wp\/v2\/types\/page"}],"author":[{"embeddable":true,"href":"https:\/\/carrebleu.ca\/en\/wp-json\/wp\/v2\/users\/1"}],"replies":[{"embeddable":true,"href":"https:\/\/carrebleu.ca\/en\/wp-json\/wp\/v2\/comments?post=1273"}],"version-history":[{"count":1,"href":"https:\/\/carrebleu.ca\/en\/wp-json\/wp\/v2\/pages\/1273\/revisions"}],"predecessor-version":[{"id":1274,"href":"https:\/\/carrebleu.ca\/en\/wp-json\/wp\/v2\/pages\/1273\/revisions\/1274"}],"wp:attachment":[{"href":"https:\/\/carrebleu.ca\/en\/wp-json\/wp\/v2\/media?parent=1273"}],"curies":[{"name":"wp","href":"https:\/\/api.w.org\/{rel}","templated":true}]}}