{"id":1058,"date":"2025-10-17T14:42:37","date_gmt":"2025-10-17T14:42:37","guid":{"rendered":"https:\/\/carrebleu.ajstrategiestaging.ca\/our-mission\/"},"modified":"2025-11-11T18:19:01","modified_gmt":"2025-11-11T18:19:01","slug":"our-mission","status":"publish","type":"page","link":"https:\/\/carrebleu.ca\/en\/our-mission\/","title":{"rendered":"Our mission"},"content":{"rendered":"\t\t<div data-elementor-type=\"wp-page\" data-elementor-id=\"1058\" class=\"elementor elementor-1058 elementor-215\" data-elementor-post-type=\"page\">\n\t\t\t\t<div class=\"elementor-element elementor-element-7a402794 hero e-flex e-con-boxed e-con e-parent\" data-id=\"7a402794\" data-element_type=\"container\" data-e-type=\"container\" data-settings=\"{&quot;background_background&quot;:&quot;classic&quot;}\">\n\t\t\t\t\t<div class=\"e-con-inner\">\n\t\t<div class=\"elementor-element elementor-element-5a82ba90 e-con-full e-flex e-con e-child\" data-id=\"5a82ba90\" data-element_type=\"container\" data-e-type=\"container\">\n\t\t\t\t<div class=\"elementor-element elementor-element-5851b373 elementor-widget elementor-widget-heading\" data-id=\"5851b373\" data-element_type=\"widget\" data-e-type=\"widget\" data-widget_type=\"heading.default\">\n\t\t\t\t\t<h1 class=\"elementor-heading-title elementor-size-default\">Why choose carr\u00e9bleu for natural and professional cleaning?<\/h1>\t\t\t\t<\/div>\n\t\t\t\t<\/div>\n\t\t<div class=\"elementor-element elementor-element-7aebb862 e-con-full overlap-badge e-flex e-con e-child\" data-id=\"7aebb862\" data-element_type=\"container\" data-e-type=\"container\" data-settings=\"{&quot;background_background&quot;:&quot;classic&quot;}\">\n\t\t\t\t<div class=\"elementor-element elementor-element-7c7a2249 elementor-widget elementor-widget-heading\" data-id=\"7c7a2249\" data-element_type=\"widget\" data-e-type=\"widget\" data-widget_type=\"heading.default\">\n\t\t\t\t\t<h2 class=\"elementor-heading-title elementor-size-default\">At carr\u00e9bleu, our mission is to provide you with high-quality cleaning services that respect both your health and the environment. We are committed to designing personalized solutions adapted to your needs, preferences, and schedule, all while ensuring your complete satisfaction.<\/h2>\t\t\t\t<\/div>\n\t\t\t\t<\/div>\n\t\t\t\t\t<\/div>\n\t\t\t\t<\/div>\n\t\t<div class=\"elementor-element elementor-element-4a754f0 e-flex e-con-boxed e-con e-parent\" data-id=\"4a754f0\" data-element_type=\"container\" data-e-type=\"container\">\n\t\t\t\t\t<div class=\"e-con-inner\">\n\t\t\t\t<div class=\"elementor-element elementor-element-5fa1dae elementor-widget elementor-widget-spacer\" data-id=\"5fa1dae\" data-element_type=\"widget\" data-e-type=\"widget\" data-widget_type=\"spacer.default\">\n\t\t\t\t\t\t\t<div class=\"elementor-spacer\">\n\t\t\t<div class=\"elementor-spacer-inner\"><\/div>\n\t\t<\/div>\n\t\t\t\t\t\t<\/div>\n\t\t\t\t\t<\/div>\n\t\t\t\t<\/div>\n\t\t<div class=\"elementor-element elementor-element-95d448f e-flex e-con-boxed e-con e-parent\" data-id=\"95d448f\" data-element_type=\"container\" data-e-type=\"container\">\n\t\t\t\t\t<div class=\"e-con-inner\">\n\t\t<div class=\"elementor-element elementor-element-e4b20df e-con-full e-flex e-con e-child\" data-id=\"e4b20df\" data-element_type=\"container\" data-e-type=\"container\">\n\t\t<div class=\"elementor-element elementor-element-27d514f9 e-con-full e-flex e-con e-child\" data-id=\"27d514f9\" data-element_type=\"container\" data-e-type=\"container\">\n\t\t\t\t<div class=\"elementor-element elementor-element-4774ce45 elementor-widget elementor-widget-heading\" data-id=\"4774ce45\" data-element_type=\"widget\" data-e-type=\"widget\" data-widget_type=\"heading.default\">\n\t\t\t\t\t<h3 class=\"elementor-heading-title elementor-size-default\">Flexible, no-commitment service<\/h3>\t\t\t\t<\/div>\n\t\t\t\t<div class=\"elementor-element elementor-element-28b7e38a elementor-widget elementor-widget-text-editor\" data-id=\"28b7e38a\" data-element_type=\"widget\" data-e-type=\"widget\" data-widget_type=\"text-editor.default\">\n\t\t\t\t\t\t\t\t\t<p>For over fifteen years, carr\u00e9bleu has been committed to providing residential and commercial cleaning solutions tailored to your needs. With proven expertise and a dedicated team, we strive to ensure the cleanliness and comfort of your spaces. Learn more about our mission, our values, and our story.<\/p>\t\t\t\t\t\t\t\t<\/div>\n\t\t\t\t<\/div>\n\t\t<div class=\"elementor-element elementor-element-1963e61 e-con-full e-flex e-con e-child\" data-id=\"1963e61\" data-element_type=\"container\" data-e-type=\"container\">\n\t\t\t\t<div class=\"elementor-element elementor-element-f8d8a39 elementor-widget elementor-widget-heading\" data-id=\"f8d8a39\" data-element_type=\"widget\" data-e-type=\"widget\" data-widget_type=\"heading.default\">\n\t\t\t\t\t<h3 class=\"elementor-heading-title elementor-size-default\">Services that respect your well-being and the environment<\/h3>\t\t\t\t<\/div>\n\t\t\t\t<div class=\"elementor-element elementor-element-c9ff065 elementor-widget elementor-widget-text-editor\" data-id=\"c9ff065\" data-element_type=\"widget\" data-e-type=\"widget\" data-widget_type=\"text-editor.default\">\n\t\t\t\t\t\t\t\t\t<p>Our approach is based on the exclusive use of eco-friendly products that protect your family\u2019s health and preserve the planet. Imagine a clean, healthy, and natural living environment \u2014 maintained by conscientious professionals who care about every detail.<\/p>\t\t\t\t\t\t\t\t<\/div>\n\t\t\t\t<\/div>\n\t\t<div class=\"elementor-element elementor-element-32be65e e-con-full e-flex e-con e-child\" data-id=\"32be65e\" data-element_type=\"container\" data-e-type=\"container\">\n\t\t\t\t<div class=\"elementor-element elementor-element-fc6cfd1 elementor-widget elementor-widget-heading\" data-id=\"fc6cfd1\" data-element_type=\"widget\" data-e-type=\"widget\" data-widget_type=\"heading.default\">\n\t\t\t\t\t<h3 class=\"elementor-heading-title elementor-size-default\">Qualified and discreet professionals at your service<\/h3>\t\t\t\t<\/div>\n\t\t\t\t<div class=\"elementor-element elementor-element-f61e8a7 elementor-widget elementor-widget-text-editor\" data-id=\"f61e8a7\" data-element_type=\"widget\" data-e-type=\"widget\" data-widget_type=\"text-editor.default\">\n\t\t\t\t\t\t\t\t\t<p>Our employees are trained to meet the unique needs of every client. They work with precision, professionalism, and discretion to ensure that every service is carried out by trustworthy, skilled individuals.<\/p>\t\t\t\t\t\t\t\t<\/div>\n\t\t\t\t<\/div>\n\t\t<div class=\"elementor-element elementor-element-bf97efb e-con-full e-flex e-con e-child\" data-id=\"bf97efb\" data-element_type=\"container\" data-e-type=\"container\">\n\t\t\t\t<div class=\"elementor-element elementor-element-6f9f897 elementor-widget elementor-widget-heading\" data-id=\"6f9f897\" data-element_type=\"widget\" data-e-type=\"widget\" data-widget_type=\"heading.default\">\n\t\t\t\t\t<h3 class=\"elementor-heading-title elementor-size-default\">Professional equipment and liability coverage<\/h3>\t\t\t\t<\/div>\n\t\t\t\t<div class=\"elementor-element elementor-element-34c5d9c elementor-widget elementor-widget-text-editor\" data-id=\"34c5d9c\" data-element_type=\"widget\" data-e-type=\"widget\" data-widget_type=\"text-editor.default\">\n\t\t\t\t\t\t\t\t\t<p>All our staff members use their own professional-grade equipment and cleaning products. They are fully covered by liability insurance, guaranteeing you complete peace of mind during every service.<\/p>\t\t\t\t\t\t\t\t<\/div>\n\t\t\t\t<\/div>\n\t\t<div class=\"elementor-element elementor-element-42e2c46 e-con-full e-flex e-con e-child\" data-id=\"42e2c46\" data-element_type=\"container\" data-e-type=\"container\">\n\t\t\t\t<div class=\"elementor-element elementor-element-0032b1e elementor-widget elementor-widget-heading\" data-id=\"0032b1e\" data-element_type=\"widget\" data-e-type=\"widget\" data-widget_type=\"heading.default\">\n\t\t\t\t\t<h3 class=\"elementor-heading-title elementor-size-default\">Satisfaction guaranteed and ongoing quality control<\/h3>\t\t\t\t<\/div>\n\t\t\t\t<div class=\"elementor-element elementor-element-6320b24 elementor-widget elementor-widget-text-editor\" data-id=\"6320b24\" data-element_type=\"widget\" data-e-type=\"widget\" data-widget_type=\"text-editor.default\">\n\t\t\t\t\t\t\t\t\t<p>Quality is at the heart of what we do. If, for any reason, you are not satisfied with the service provided, we will redo the cleaning at no charge. If the issue persists, we will refund your visit. We also regularly assess the quality of our services through client surveys to ensure that we consistently meet and exceed our expectations.<\/p>\t\t\t\t\t\t\t\t<\/div>\n\t\t\t\t<\/div>\n\t\t\t\t<\/div>\n\t\t<div class=\"elementor-element elementor-element-7ea60e1c e-con-full e-flex e-con e-child\" data-id=\"7ea60e1c\" data-element_type=\"container\" data-e-type=\"container\" data-settings=\"{&quot;background_background&quot;:&quot;classic&quot;}\">\n\t\t\t\t<\/div>\n\t\t\t\t\t<\/div>\n\t\t\t\t<\/div>\n\t\t<div class=\"elementor-element elementor-element-8089a3d e-con-full e-flex e-con e-parent\" data-id=\"8089a3d\" data-element_type=\"container\" data-e-type=\"container\">\n\t\t<div class=\"elementor-element elementor-element-3e543afa e-con-full e-flex e-con e-child\" data-id=\"3e543afa\" data-element_type=\"container\" data-e-type=\"container\" data-settings=\"{&quot;background_background&quot;:&quot;classic&quot;}\">\n\t\t<div class=\"elementor-element elementor-element-7c89edfc e-con-full e-flex e-con e-child\" data-id=\"7c89edfc\" data-element_type=\"container\" data-e-type=\"container\">\n\t\t\t\t<div class=\"elementor-element elementor-element-1f6c4038 elementor-widget elementor-widget-heading\" data-id=\"1f6c4038\" data-element_type=\"widget\" data-e-type=\"widget\" data-widget_type=\"heading.default\">\n\t\t\t\t\t<h2 class=\"elementor-heading-title elementor-size-default\">Contact us for personalized expertise<\/h2>\t\t\t\t<\/div>\n\t\t\t\t<div class=\"elementor-element elementor-element-22d9bec7 button-style elementor-widget elementor-widget-button\" data-id=\"22d9bec7\" data-element_type=\"widget\" data-e-type=\"widget\" data-widget_type=\"button.default\">\n\t\t\t\t\t\t\t\t\t\t<a class=\"elementor-button elementor-button-link elementor-size-sm\" href=\"https:\/\/carrebleu.ca\/en\/contact\/\">\n\t\t\t\t\t\t<span class=\"elementor-button-content-wrapper\">\n\t\t\t\t\t\t<span class=\"elementor-button-icon\">\n\t\t\t\t<svg xmlns=\"http:\/\/www.w3.org\/2000\/svg\" width=\"24\" height=\"24\" viewBox=\"0 0 24 24\" fill=\"none\" stroke=\"currentColor\" stroke-width=\"2\" stroke-linecap=\"round\" stroke-linejoin=\"round\" class=\"lucide lucide-arrow-big-right-dash-icon lucide-arrow-big-right-dash\"><path d=\"M11 9a1 1 0 0 0 1-1V5.061a1 1 0 0 1 1.811-.75l6.836 6.836a1.207 1.207 0 0 1 0 1.707l-6.836 6.835a1 1 0 0 1-1.811-.75V16a1 1 0 0 0-1-1H9a1 1 0 0 1-1-1v-4a1 1 0 0 1 1-1z\"><\/path><path d=\"M4 9v6\"><\/path><\/svg>\t\t\t<\/span>\n\t\t\t\t\t\t\t\t\t<span class=\"elementor-button-text\">Get in touch<\/span>\n\t\t\t\t\t<\/span>\n\t\t\t\t\t<\/a>\n\t\t\t\t\t\t\t\t<\/div>\n\t\t\t\t<\/div>\n\t\t\t\t<\/div>\n\t\t<div class=\"elementor-element elementor-element-10ed24d3 e-con-full e-flex e-con e-child\" data-id=\"10ed24d3\" data-element_type=\"container\" data-e-type=\"container\" data-settings=\"{&quot;background_background&quot;:&quot;classic&quot;}\">\n\t\t\t\t<\/div>\n\t\t\t\t<\/div>\n\t\t\t\t<\/div>\n\t\t","protected":false},"excerpt":{"rendered":"<p>Why choose carr\u00e9bleu for natural and professional cleaning? At carr\u00e9bleu, our mission is to provide you with high-quality cleaning services that respect both your health and the environment. We are committed to designing personalized solutions adapted to your needs, preferences, and schedule, all while ensuring your complete satisfaction. Flexible, no-commitment service For over fifteen years, [&hellip;]<\/p>\n","protected":false},"author":1,"featured_media":0,"parent":0,"menu_order":0,"comment_status":"closed","ping_status":"closed","template":"","meta":{"_acf_changed":false,"footnotes":""},"class_list":["post-1058","page","type-page","status-publish","hentry"],"acf":[],"yoast_head":"<!-- This site is optimized with the Yoast SEO plugin v27.4 - https:\/\/yoast.com\/product\/yoast-seo-wordpress\/ -->\n<title>Our Mission \u2013 Professional Cleaning | carr\u00e9bleu<\/title>\n<meta name=\"description\" content=\"Discover carr\u00e9bleu&#039;s mission: to offer a professional and client-focused cleaning service in Greater Montreal.\" \/>\n<meta name=\"robots\" content=\"index, follow, max-snippet:-1, max-image-preview:large, max-video-preview:-1\" \/>\n<link rel=\"canonical\" href=\"https:\/\/carrebleu.ca\/en\/our-mission\/\" \/>\n<meta property=\"og:locale\" content=\"en_US\" \/>\n<meta property=\"og:type\" content=\"article\" \/>\n<meta property=\"og:title\" content=\"Our Mission \u2013 Professional Cleaning | carr\u00e9bleu\" \/>\n<meta property=\"og:description\" content=\"Discover carr\u00e9bleu&#039;s mission: to offer a professional and client-focused cleaning service in Greater Montreal.\" \/>\n<meta property=\"og:url\" content=\"https:\/\/carrebleu.ca\/en\/our-mission\/\" \/>\n<meta property=\"og:site_name\" content=\"carr\u00e9bleu | Service d\u2019entretien m\u00e9nager dans le Grand Montr\u00e9al\" \/>\n<meta property=\"article:publisher\" content=\"https:\/\/www.facebook.com\/p\/CarrBleu-100066457040064\/\" \/>\n<meta property=\"article:modified_time\" content=\"2025-11-11T18:19:01+00:00\" \/>\n<meta name=\"twitter:card\" content=\"summary_large_image\" \/>\n<meta name=\"twitter:label1\" content=\"Est. reading time\" \/>\n\t<meta name=\"twitter:data1\" content=\"1 minute\" \/>\n<script type=\"application\/ld+json\" class=\"yoast-schema-graph\">{\"@context\":\"https:\\\/\\\/schema.org\",\"@graph\":[{\"@type\":\"WebPage\",\"@id\":\"https:\\\/\\\/carrebleu.ca\\\/en\\\/our-mission\\\/\",\"url\":\"https:\\\/\\\/carrebleu.ca\\\/en\\\/our-mission\\\/\",\"name\":\"Our Mission \u2013 Professional Cleaning | carr\u00e9bleu\",\"isPartOf\":{\"@id\":\"https:\\\/\\\/carrebleu.ca\\\/en\\\/#website\"},\"datePublished\":\"2025-10-17T14:42:37+00:00\",\"dateModified\":\"2025-11-11T18:19:01+00:00\",\"description\":\"Discover carr\u00e9bleu's mission: to offer a professional and client-focused cleaning service in Greater Montreal.\",\"breadcrumb\":{\"@id\":\"https:\\\/\\\/carrebleu.ca\\\/en\\\/our-mission\\\/#breadcrumb\"},\"inLanguage\":\"en-US\",\"potentialAction\":[{\"@type\":\"ReadAction\",\"target\":[\"https:\\\/\\\/carrebleu.ca\\\/en\\\/our-mission\\\/\"]}]},{\"@type\":\"BreadcrumbList\",\"@id\":\"https:\\\/\\\/carrebleu.ca\\\/en\\\/our-mission\\\/#breadcrumb\",\"itemListElement\":[{\"@type\":\"ListItem\",\"position\":1,\"name\":\"Accueil\",\"item\":\"https:\\\/\\\/carrebleu.ca\\\/en\\\/homepage\\\/\"},{\"@type\":\"ListItem\",\"position\":2,\"name\":\"Our mission\"}]},{\"@type\":\"WebSite\",\"@id\":\"https:\\\/\\\/carrebleu.ca\\\/en\\\/#website\",\"url\":\"https:\\\/\\\/carrebleu.ca\\\/en\\\/\",\"name\":\"Carr\u00e9 Bleu\",\"description\":\"carr\u00e9bleu offre des services d\u2019entretien m\u00e9nager r\u00e9sidentiel et commercial dans le Grand Montr\u00e9al. Propret\u00e9, fiabilit\u00e9 et solutions sur mesure.\",\"publisher\":{\"@id\":\"https:\\\/\\\/carrebleu.ca\\\/en\\\/#organization\"},\"potentialAction\":[{\"@type\":\"SearchAction\",\"target\":{\"@type\":\"EntryPoint\",\"urlTemplate\":\"https:\\\/\\\/carrebleu.ca\\\/en\\\/?s={search_term_string}\"},\"query-input\":{\"@type\":\"PropertyValueSpecification\",\"valueRequired\":true,\"valueName\":\"search_term_string\"}}],\"inLanguage\":\"en-US\"},{\"@type\":\"Organization\",\"@id\":\"https:\\\/\\\/carrebleu.ca\\\/en\\\/#organization\",\"name\":\"Carr\u00e9 Bleu Entretien M\u00e9nager Inc.\",\"url\":\"https:\\\/\\\/carrebleu.ca\\\/en\\\/\",\"logo\":{\"@type\":\"ImageObject\",\"inLanguage\":\"en-US\",\"@id\":\"https:\\\/\\\/carrebleu.ca\\\/en\\\/#\\\/schema\\\/logo\\\/image\\\/\",\"url\":\"https:\\\/\\\/carrebleu.ca\\\/wp-content\\\/uploads\\\/2025\\\/10\\\/RGB-01.png\",\"contentUrl\":\"https:\\\/\\\/carrebleu.ca\\\/wp-content\\\/uploads\\\/2025\\\/10\\\/RGB-01.png\",\"width\":583,\"height\":205,\"caption\":\"Carr\u00e9 Bleu Entretien M\u00e9nager Inc.\"},\"image\":{\"@id\":\"https:\\\/\\\/carrebleu.ca\\\/en\\\/#\\\/schema\\\/logo\\\/image\\\/\"},\"sameAs\":[\"https:\\\/\\\/www.facebook.com\\\/p\\\/CarrBleu-100066457040064\\\/\"]}]}<\/script>\n<!-- \/ Yoast SEO plugin. -->","yoast_head_json":{"title":"Our Mission \u2013 Professional Cleaning | carr\u00e9bleu","description":"Discover carr\u00e9bleu's mission: to offer a professional and client-focused cleaning service in Greater Montreal.","robots":{"index":"index","follow":"follow","max-snippet":"max-snippet:-1","max-image-preview":"max-image-preview:large","max-video-preview":"max-video-preview:-1"},"canonical":"https:\/\/carrebleu.ca\/en\/our-mission\/","og_locale":"en_US","og_type":"article","og_title":"Our Mission \u2013 Professional Cleaning | carr\u00e9bleu","og_description":"Discover carr\u00e9bleu's mission: to offer a professional and client-focused cleaning service in Greater Montreal.","og_url":"https:\/\/carrebleu.ca\/en\/our-mission\/","og_site_name":"carr\u00e9bleu | Service d\u2019entretien m\u00e9nager dans le Grand Montr\u00e9al","article_publisher":"https:\/\/www.facebook.com\/p\/CarrBleu-100066457040064\/","article_modified_time":"2025-11-11T18:19:01+00:00","twitter_card":"summary_large_image","twitter_misc":{"Est. reading time":"1 minute"},"schema":{"@context":"https:\/\/schema.org","@graph":[{"@type":"WebPage","@id":"https:\/\/carrebleu.ca\/en\/our-mission\/","url":"https:\/\/carrebleu.ca\/en\/our-mission\/","name":"Our Mission \u2013 Professional Cleaning | carr\u00e9bleu","isPartOf":{"@id":"https:\/\/carrebleu.ca\/en\/#website"},"datePublished":"2025-10-17T14:42:37+00:00","dateModified":"2025-11-11T18:19:01+00:00","description":"Discover carr\u00e9bleu's mission: to offer a professional and client-focused cleaning service in Greater Montreal.","breadcrumb":{"@id":"https:\/\/carrebleu.ca\/en\/our-mission\/#breadcrumb"},"inLanguage":"en-US","potentialAction":[{"@type":"ReadAction","target":["https:\/\/carrebleu.ca\/en\/our-mission\/"]}]},{"@type":"BreadcrumbList","@id":"https:\/\/carrebleu.ca\/en\/our-mission\/#breadcrumb","itemListElement":[{"@type":"ListItem","position":1,"name":"Accueil","item":"https:\/\/carrebleu.ca\/en\/homepage\/"},{"@type":"ListItem","position":2,"name":"Our mission"}]},{"@type":"WebSite","@id":"https:\/\/carrebleu.ca\/en\/#website","url":"https:\/\/carrebleu.ca\/en\/","name":"Carr\u00e9 Bleu","description":"carr\u00e9bleu offre des services d\u2019entretien m\u00e9nager r\u00e9sidentiel et commercial dans le Grand Montr\u00e9al. Propret\u00e9, fiabilit\u00e9 et solutions sur mesure.","publisher":{"@id":"https:\/\/carrebleu.ca\/en\/#organization"},"potentialAction":[{"@type":"SearchAction","target":{"@type":"EntryPoint","urlTemplate":"https:\/\/carrebleu.ca\/en\/?s={search_term_string}"},"query-input":{"@type":"PropertyValueSpecification","valueRequired":true,"valueName":"search_term_string"}}],"inLanguage":"en-US"},{"@type":"Organization","@id":"https:\/\/carrebleu.ca\/en\/#organization","name":"Carr\u00e9 Bleu Entretien M\u00e9nager Inc.","url":"https:\/\/carrebleu.ca\/en\/","logo":{"@type":"ImageObject","inLanguage":"en-US","@id":"https:\/\/carrebleu.ca\/en\/#\/schema\/logo\/image\/","url":"https:\/\/carrebleu.ca\/wp-content\/uploads\/2025\/10\/RGB-01.png","contentUrl":"https:\/\/carrebleu.ca\/wp-content\/uploads\/2025\/10\/RGB-01.png","width":583,"height":205,"caption":"Carr\u00e9 Bleu Entretien M\u00e9nager Inc."},"image":{"@id":"https:\/\/carrebleu.ca\/en\/#\/schema\/logo\/image\/"},"sameAs":["https:\/\/www.facebook.com\/p\/CarrBleu-100066457040064\/"]}]}},"_links":{"self":[{"href":"https:\/\/carrebleu.ca\/en\/wp-json\/wp\/v2\/pages\/1058","targetHints":{"allow":["GET"]}}],"collection":[{"href":"https:\/\/carrebleu.ca\/en\/wp-json\/wp\/v2\/pages"}],"about":[{"href":"https:\/\/carrebleu.ca\/en\/wp-json\/wp\/v2\/types\/page"}],"author":[{"embeddable":true,"href":"https:\/\/carrebleu.ca\/en\/wp-json\/wp\/v2\/users\/1"}],"replies":[{"embeddable":true,"href":"https:\/\/carrebleu.ca\/en\/wp-json\/wp\/v2\/comments?post=1058"}],"version-history":[{"count":7,"href":"https:\/\/carrebleu.ca\/en\/wp-json\/wp\/v2\/pages\/1058\/revisions"}],"predecessor-version":[{"id":1211,"href":"https:\/\/carrebleu.ca\/en\/wp-json\/wp\/v2\/pages\/1058\/revisions\/1211"}],"wp:attachment":[{"href":"https:\/\/carrebleu.ca\/en\/wp-json\/wp\/v2\/media?parent=1058"}],"curies":[{"name":"wp","href":"https:\/\/api.w.org\/{rel}","templated":true}]}}